{"id":40,"date":"2017-01-09T14:08:45","date_gmt":"2017-01-09T13:08:45","guid":{"rendered":"http:\/\/www.equi-diet.fr\/?page_id=40"},"modified":"2017-07-21T15:22:40","modified_gmt":"2017-07-21T13:22:40","slug":"accueil","status":"publish","type":"page","link":"http:\/\/www.equi-diet.fr\/","title":{"rendered":""},"content":{"rendered":"<p><img decoding=\"async\" loading=\"lazy\" class=\"alignnone size-full wp-image-118 alignleft\" src=\"http:\/\/www.equi-diet.fr\/wp-content\/uploads\/2017\/01\/DSC_0551-2.jpg\" alt=\"\" width=\"140\" height=\"210\" \/>La di\u00e9t\u00e9tique est souvent associ\u00e9e aux id\u00e9es de r\u00e9gime et de restriction, or elle peut \u00eatre d\u00e9finie comme la <span style=\"color: #270e64;\"><strong>connaissance des aliments<\/strong><\/span> et leur devenir dans l&rsquo;organisme. Le di\u00e9t\u00e9ticien-nutritionniste n&rsquo;est pas l\u00e0 pour vous donner de recette miracle, mais pour vous aider \u00e0 trouver <span style=\"color: #270e64;\"><strong>l&rsquo;alimentation qui vous correspond<\/strong><\/span>.<\/p>\n<p style=\"text-align: left; padding-left: 150px;\">Di\u00e9t\u00e9ticienne Nutritionniste dipl\u00f4m\u00e9e \u00e0 Rennes, je propose des <span style=\"color: #270e64;\"><strong>conseils personnalis\u00e9s<\/strong><\/span> en fonction du \u00a0mode de vie et des attentes de chacun afin \u00a0d&rsquo;allier\u00a0<strong><span style=\"color: #270e64;\">maintien d&rsquo;une bonne sant\u00e9<\/span>\u00a0<\/strong>et<span style=\"color: #270e64;\"><strong> plaisir de \u00a0manger<\/strong><\/span>.<\/p>\n","protected":false},"excerpt":{"rendered":"<p>La di\u00e9t\u00e9tique est souvent associ\u00e9e aux id\u00e9es de r\u00e9gime et de restriction, or elle peut \u00eatre d\u00e9finie comme la connaissance des aliments et leur devenir dans l&rsquo;organisme. Le di\u00e9t\u00e9ticien-nutritionniste n&rsquo;est pas l\u00e0 pour vous donner de recette miracle, mais pour vous aider \u00e0 trouver l&rsquo;alimentation qui vous correspond. Di\u00e9t\u00e9ticienne Nutritionniste dipl\u00f4m\u00e9e \u00e0 Rennes, je propose &hellip; <\/p>\n<p class=\"link-more\"><a href=\"http:\/\/www.equi-diet.fr\/\" class=\"more-link\">Continuer la lecture<span class=\"screen-reader-text\"> de &laquo;&nbsp;&nbsp;&raquo;<\/span><\/a><\/p>\n","protected":false},"author":1,"featured_media":0,"parent":0,"menu_order":0,"comment_status":"closed","ping_status":"closed","template":"","meta":[],"aioseo_notices":[],"_links":{"self":[{"href":"http:\/\/www.equi-diet.fr\/index.php\/wp-json\/wp\/v2\/pages\/40"}],"collection":[{"href":"http:\/\/www.equi-diet.fr\/index.php\/wp-json\/wp\/v2\/pages"}],"about":[{"href":"http:\/\/www.equi-diet.fr\/index.php\/wp-json\/wp\/v2\/types\/page"}],"author":[{"embeddable":true,"href":"http:\/\/www.equi-diet.fr\/index.php\/wp-json\/wp\/v2\/users\/1"}],"replies":[{"embeddable":true,"href":"http:\/\/www.equi-diet.fr\/index.php\/wp-json\/wp\/v2\/comments?post=40"}],"version-history":[{"count":22,"href":"http:\/\/www.equi-diet.fr\/index.php\/wp-json\/wp\/v2\/pages\/40\/revisions"}],"predecessor-version":[{"id":131,"href":"http:\/\/www.equi-diet.fr\/index.php\/wp-json\/wp\/v2\/pages\/40\/revisions\/131"}],"wp:attachment":[{"href":"http:\/\/www.equi-diet.fr\/index.php\/wp-json\/wp\/v2\/media?parent=40"}],"curies":[{"name":"wp","href":"https:\/\/api.w.org\/{rel}","templated":true}]}}