{"id":55,"date":"2017-01-09T14:37:06","date_gmt":"2017-01-09T13:37:06","guid":{"rendered":"http:\/\/www.equi-diet.fr\/?page_id=55"},"modified":"2017-01-19T16:09:14","modified_gmt":"2017-01-19T15:09:14","slug":"consultation","status":"publish","type":"page","link":"http:\/\/www.equi-diet.fr\/index.php\/consultation\/","title":{"rendered":"Consultation"},"content":{"rendered":"<p><img decoding=\"async\" loading=\"lazy\" class=\"alignnone size-full wp-image-15\" src=\"http:\/\/www.equi-diet.fr\/wp-content\/uploads\/2017\/01\/cropped-logo-fond-taupe-miniature.jpg\" alt=\"\" width=\"124\" height=\"86\" \/><\/p>\n<p>Toute personne est susceptible d<span style=\"color: #000000;\">&lsquo;avoir<\/span> besoin, \u00e0 un moment donn\u00e9, de consulter un di\u00e9t\u00e9ticien-nutritionniste, que ce soit une initiative personnelle ou bien une prescription m\u00e9dicale.<\/p>\n<p>La <span style=\"color: #270e59;\"><strong>consultation di\u00e9t\u00e9tique<\/strong><\/span> est une d\u00e9marche de soin comprenant, la plupart du temps, un <span style=\"color: #270e59;\"><strong>bilan di\u00e9t\u00e9tique<\/strong><\/span> <span style=\"color: #000000;\">ainsi <\/span>que des <span style=\"color: #270e59;\"><strong>consultations de suivi<\/strong>.<\/span><\/p>\n<p>La premi\u00e8re consultation est <span style=\"color: #000000;\">un bilan di\u00e9t\u00e9tique qui<\/span> permet d&rsquo;analyser vos <span style=\"color: #270e64;\"><strong>habitudes alimentaires<\/strong><\/span> <span style=\"color: #000000;\">ainsi<\/span> que vos <span style=\"color: #270e64;\"><strong>besoins nutritionnels<\/strong><\/span> pour fixer, ensemble, des objectifs \u00e0 atteindre.<\/p>\n<p><span style=\"color: #000000;\">Les consultations de suivi<\/span> permettent d&rsquo;\u00e9valuer la progression r\u00e9alis\u00e9e, de modifier si besoin les objectifs pr\u00e9c\u00e9demment fix\u00e9s et de donner de nouveaux <span style=\"color: #270e64;\"><strong>conseils<\/strong><\/span>.<\/p>\n<p><em>Les consultations di\u00e9t\u00e9tiques ne sont pas encore prises en charge par la s\u00e9curit\u00e9 sociale, cependant de plus en plus de mutuelles s&rsquo;y sont mises.<\/em><\/p>\n","protected":false},"excerpt":{"rendered":"<p>Toute personne est susceptible d&lsquo;avoir besoin, \u00e0 un moment donn\u00e9, de consulter un di\u00e9t\u00e9ticien-nutritionniste, que ce soit une initiative personnelle ou bien une prescription m\u00e9dicale. La consultation di\u00e9t\u00e9tique est une d\u00e9marche de soin comprenant, la plupart du temps, un bilan di\u00e9t\u00e9tique ainsi que des consultations de suivi. La premi\u00e8re consultation est un bilan di\u00e9t\u00e9tique qui &hellip; <\/p>\n<p class=\"link-more\"><a href=\"http:\/\/www.equi-diet.fr\/index.php\/consultation\/\" class=\"more-link\">Continuer la lecture<span class=\"screen-reader-text\"> de &laquo;&nbsp;Consultation&nbsp;&raquo;<\/span><\/a><\/p>\n","protected":false},"author":1,"featured_media":0,"parent":0,"menu_order":0,"comment_status":"closed","ping_status":"closed","template":"","meta":[],"aioseo_notices":[],"_links":{"self":[{"href":"http:\/\/www.equi-diet.fr\/index.php\/wp-json\/wp\/v2\/pages\/55"}],"collection":[{"href":"http:\/\/www.equi-diet.fr\/index.php\/wp-json\/wp\/v2\/pages"}],"about":[{"href":"http:\/\/www.equi-diet.fr\/index.php\/wp-json\/wp\/v2\/types\/page"}],"author":[{"embeddable":true,"href":"http:\/\/www.equi-diet.fr\/index.php\/wp-json\/wp\/v2\/users\/1"}],"replies":[{"embeddable":true,"href":"http:\/\/www.equi-diet.fr\/index.php\/wp-json\/wp\/v2\/comments?post=55"}],"version-history":[{"count":8,"href":"http:\/\/www.equi-diet.fr\/index.php\/wp-json\/wp\/v2\/pages\/55\/revisions"}],"predecessor-version":[{"id":85,"href":"http:\/\/www.equi-diet.fr\/index.php\/wp-json\/wp\/v2\/pages\/55\/revisions\/85"}],"wp:attachment":[{"href":"http:\/\/www.equi-diet.fr\/index.php\/wp-json\/wp\/v2\/media?parent=55"}],"curies":[{"name":"wp","href":"https:\/\/api.w.org\/{rel}","templated":true}]}}